{"id":3638,"date":"2025-10-26T11:23:26","date_gmt":"2025-10-26T10:23:26","guid":{"rendered":"https:\/\/slategray-caterpillar-942923.hostingersite.com\/home-2"},"modified":"2026-04-06T10:09:55","modified_gmt":"2026-04-06T08:09:55","slug":"home","status":"publish","type":"page","link":"https:\/\/seo-up.me\/","title":{"rendered":"Home"},"content":{"rendered":"\t\t<div data-elementor-type=\"wp-page\" data-elementor-id=\"3638\" class=\"elementor elementor-3638\">\n\t\t\t\t<div class=\"elementor-element elementor-element-85ccf3a e-flex e-con-boxed e-con e-parent\" data-id=\"85ccf3a\" data-element_type=\"container\" data-e-type=\"container\" data-settings=\"{&quot;background_background&quot;:&quot;classic&quot;}\">\n\t\t\t\t\t<div class=\"e-con-inner\">\n\t\t<div class=\"elementor-element elementor-element-8457a39 e-con-full e-flex e-con e-child\" data-id=\"8457a39\" data-element_type=\"container\" data-e-type=\"container\">\n\t\t\t\t<div class=\"elementor-element elementor-element-3201b6c elementor-widget__width-initial elementor-widget elementor-widget-heading\" data-id=\"3201b6c\" data-element_type=\"widget\" data-e-type=\"widget\" data-widget_type=\"heading.default\">\n\t\t\t\t\t<h1 class=\"elementor-heading-title elementor-size-default\">Satelliten Internet, unbegrenzt f\u00fcr 18\u20ac\/Monat<\/h1>\t\t\t\t<\/div>\n\t\t\t\t<div class=\"elementor-element elementor-element-b65092e elementor-widget elementor-widget-image\" data-id=\"b65092e\" data-element_type=\"widget\" data-e-type=\"widget\" data-widget_type=\"image.default\">\n\t\t\t\t\t\t\t\t\t\t\t\t\t\t\t<img fetchpriority=\"high\" decoding=\"async\" width=\"300\" height=\"277\" src=\"https:\/\/seo-up.me\/wp-content\/uploads\/2026\/04\/Bild-Sat-Mobile-de-300x277.jpg\" class=\"attachment-medium size-medium wp-image-3977\" alt=\"\" srcset=\"https:\/\/seo-up.me\/wp-content\/uploads\/2026\/04\/Bild-Sat-Mobile-de-300x277.jpg 300w, https:\/\/seo-up.me\/wp-content\/uploads\/2026\/04\/Bild-Sat-Mobile-de-1024x944.jpg 1024w, https:\/\/seo-up.me\/wp-content\/uploads\/2026\/04\/Bild-Sat-Mobile-de-768x708.jpg 768w, https:\/\/seo-up.me\/wp-content\/uploads\/2026\/04\/Bild-Sat-Mobile-de-1536x1416.jpg 1536w, https:\/\/seo-up.me\/wp-content\/uploads\/2026\/04\/Bild-Sat-Mobile-de.bmp 1665w\" sizes=\"(max-width: 300px) 100vw, 300px\" \/>\t\t\t\t\t\t\t\t\t\t\t\t\t\t\t<\/div>\n\t\t\t\t<div class=\"elementor-element elementor-element-e4c4fea elementor-widget elementor-widget-text-editor\" data-id=\"e4c4fea\" data-element_type=\"widget\" data-e-type=\"widget\" data-widget_type=\"text-editor.default\">\n\t\t\t\t\t\t\t\t\t<h6><span style=\"color: #0000ff;\"><strong>DIE REVOLUTION DER KOMMUNIKATION<\/strong><\/span><\/h6><p><strong>Unschlagbarer Preis: F\u00fcr gerade einmal 18,00 \u20ac pro Monat beim Jahrespaket (218\u20ac) oder 21\u20ac monatlich, sicherst du dir den Zugang zu einer Technologie, die herk\u00f6mmliche Anbieter alt aussehen l\u00e4sst. <\/strong><\/p><h6><span style=\"color: #0000ff;\"><strong>Die Macht der Satelliten: <\/strong><\/span><\/h6><p><strong>Das White Web kommt von oben. Wir machen uns unabh\u00e4ngig von Erdkabeln und Zensur.\u00a0<\/strong><\/p><p><span style=\"color: #0000ff;\"><strong>Grenzenlose Freiheit: <\/strong><\/span><br \/><strong>Mit unbegrenztem Datenvolumen, mit einem Download von bis 3,5 Gigabit\/s, 10GB Cloud und absolut null Roaming-Geb\u00fchren bist du weltweit vernetzt.\u00a0<\/strong><\/p><p><span style=\"color: #339966;\"><strong>Hier ist dein unfaierer Vorteil mit der dezentralen eSIM:<\/strong><\/span><\/p><p><strong>\u00a0<span style=\"color: #0000ff;\">Absolute Anonymit\u00e4t:<\/span> <\/strong><strong>Deine Daten werden direkt im Smartphone verschl\u00fcsselt. Kein Mobilfunkanbieter, kein Big-Tech und kein neugieriger Algorithmus sieht, was du tust. Nur purer, verschl\u00fcsselter Code!\u00a0<\/strong><\/p><p><strong>\u00a0<span style=\"color: #0000ff;\">Hybride Freiheit &amp; Sicherheit:<\/span> Mit der dezentralen eSIM nutzen wir zwar in der \u00dcbergangsphase noch das bestehende Funkmast-Netz, aber mit einem entscheidenden Unterschied: Deine Daten werden direkt im Handy verschl\u00fcsselt und \u00fcber unser eigenes Satelliten-Gateway geleitet. Das bedeutet: Volle Anonymit\u00e4t \u00fcber die herk\u00f6mmliche Infrastruktur!\u00a0<\/strong><\/p><p><strong>\u00a0<span style=\"color: #0000ff;\">Die totale Unabh\u00e4ngigkeit:<\/span> Wer absolute Autarkie will, setzt auf die kommenden Endger\u00e4te. Diese verbinden dich dann direkt mit dem Satelliten-Netzwerk, v\u00f6llig ohne Mobilfunkmasten, egal ob im tiefsten Dschungel oder auf hoher See. Das ist das Internet, das niemals schl\u00e4ft!\u00a0<\/strong><\/p><p><strong>Das ist die Freiheit, die das neue satellitenbasierte Internet erm\u00f6glicht, das am 1. Mai 2026 an den Start geht.<\/strong><\/p><p><strong>Maximale Sicherheit (unhackbar &amp; zensurfrei): Durch die Integration in die Blockchain mit einer <\/strong><strong>512-Bit-Verschl\u00fcsselung ist deine Verbindung nach menschlichem Ermessen unhackbar. Es ist im Moment die sicherste und mit Abstand schnellste Blockchain.<\/strong><\/p><p><strong>Deine Daten geh\u00f6ren Dir und liegen nicht auf fremden Servern. <span style=\"color: #008000;\">Ein Abo, weltweiter Zugriff.<\/span><\/strong><\/p><p><strong>Werde Teil von der Firma mit dem Blockchain basierten Internet, das \u00fcber Erdbeben Seismografen l\u00e4uft und somit unhackbar ist, denn keiner kann Erdbeben vorhersagen. Auch kein Quanten-Computer.<\/strong><\/p><p><span style=\"color: #008000;\"><strong>Start am 1. Mai also gleich unbedingt registrieren.\u00a0<\/strong><\/span><\/p><h6><strong><span style=\"color: #0000ff;\">Wie bekomme ich mein Handy Satelliten Internet.<\/span><\/strong><\/h6><p><strong>Du musst dich zuerst bei der Firma<\/strong><strong> registrieren und dann ein \u00d6konomie-Paket holen.<\/strong><\/p><h6><strong><span style=\"color: #008080;\">Daf\u00fcr erh\u00e4ltst Du:<\/span><\/strong><\/h6><ul><li style=\"text-align: left;\"><strong>Deine STR.Domain (frei w\u00e4hlbarer Name), Deine Identit\u00e4t\u00a0 im \u00d6kosystem<\/strong><\/li><li style=\"text-align: left;\"><strong>2 IBAN Bankkonten mit APP &amp; Debit-Karte, eines in England und ein Offshore in Laos. Krypto &amp; Fiat ohne Geb\u00fchren tauschen und senden.<\/strong><\/li><li style=\"text-align: left;\"><strong>1 dezentralen Blockchain-Browser f\u00fcrs Web. Niemand kann Deine Daten sehen.\u00a0<\/strong><\/li><li style=\"text-align: left;\"><strong>Ares AI, Dein KI Agent<\/strong><\/li><li style=\"text-align: left;\"><strong>Eine eigene Messenger-App (wie Whatsapp) automatischer live \u00dcbersetzter in \u00fcber 100 Sprachen mit bis zu 1 Mio. Teilnehmer (dezentrale, verschl\u00fcsselte<br \/>Kommunikationsplattform, keine Zensur oder \u00dcberwachung)<\/strong><\/li><li><strong><span style=\"color: #008000;\">dann bekommst du Deine E-SIM<\/span><\/strong><\/li><li style=\"text-align: left;\"><strong>weiteres folgt<\/strong><\/li><\/ul>\t\t\t\t\t\t\t\t<\/div>\n\t\t\t\t<div class=\"elementor-element elementor-element-3f058b9 elementor-widget elementor-widget-text-editor\" data-id=\"3f058b9\" data-element_type=\"widget\" data-e-type=\"widget\" data-widget_type=\"text-editor.default\">\n\t\t\t\t\t\t\t\t\t<h6 style=\"text-align: center;\"><span style=\"color: #0000ff;\"><strong>SLNN MESH 101 (Die Zukunft des Internets)\u00a0<\/strong><\/span><\/h6><p style=\"text-align: center;\"><strong>Stell dir ein Internet vor, das <span style=\"color: #008000;\">nicht<\/span> mehr von gro\u00dfen Unternehmen oder zentralen Servern abh\u00e4ngig ist.<\/strong><\/p><p style=\"text-align: center;\"><strong>Hier wird jedes Smartphone Teil des Netzwerks, als eigene Node. Umso mehr Nodes es gibt je stabiler und schneller wird das System.<\/strong><\/p><p style=\"text-align: center;\"><strong>Statt eines zentralen Systems arbeiten viele kleine Knotenpunkte (Nodes) zusammen.<\/strong><\/p><p style=\"text-align: center;\"><strong>Wenn einer ausf\u00e4llt, \u00fcbernehmen die anderen sofort.<\/strong><\/p><p style=\"text-align: center;\"><strong>Das macht das Netzwerk stark, schnell und nahezu unzerst\u00f6rbar.<\/strong><\/p><p style=\"text-align: center;\"><strong>Funktioniert \u00fcberall, jederzeit<\/strong><\/p><p style=\"text-align: center;\"><strong>Kein Netz ? Kein Problem.<\/strong><\/p><p style=\"text-align: center;\"><strong>SLNN funktioniert auch ohne klassische Internetanbieter.<\/strong><\/p><p style=\"text-align: center;\"><strong>Satelliten verbinden alles miteinander, sodass du immer online sein kannst:<\/strong><br \/><strong>\ud83d\udc49 In der W\u00fcste<\/strong><br \/><strong>\ud83d\udc49 Auf dem Ozean<\/strong><br \/><strong>\ud83d\udc49 Sogar in der Luft \u2708\ufe0f<\/strong><\/p><p style=\"text-align: center;\"><span style=\"color: #008000;\"><strong>Und das Beste daran:<\/strong><\/span><br \/><strong>\ud83d\udc49 Keine Roaming-Geb\u00fchren, ein System, weltweiter Zugang.\u00a0<\/strong><strong>\u00a0Sicher &amp; Privat<\/strong><\/p><p style=\"text-align: center;\"><strong>Deine Daten geh\u00f6ren dir.<\/strong><\/p><p style=\"text-align: center;\"><strong>Das System \u00fcbertr\u00e4gt Informationen, ohne sie zu lesen oder darauf zuzugreifen.<\/strong><\/p><p style=\"text-align: center;\"><span style=\"color: #008000;\"><strong>F\u00fclle bitte das Formular aus und sende es mir. Dann erh\u00e4ltst von mir s\u00e4mtliche Informationen direkt als Antwort Email.<\/strong><\/span><\/p>\t\t\t\t\t\t\t\t<\/div>\n\t\t\t\t<\/div>\n\t\t\t\t\t<\/div>\n\t\t\t\t<\/div>\n\t\t<div class=\"elementor-element elementor-element-ac80d16 e-flex e-con-boxed e-con e-parent\" data-id=\"ac80d16\" data-element_type=\"container\" data-e-type=\"container\">\n\t\t\t\t\t<div class=\"e-con-inner\">\n\t\t\t\t<div class=\"elementor-element elementor-element-f9f1ce7 elementor-widget elementor-widget-wpforms\" data-id=\"f9f1ce7\" data-element_type=\"widget\" data-e-type=\"widget\" data-widget_type=\"wpforms.default\">\n\t\t\t\t<div class=\"elementor-widget-container\">\n\t\t\t\t\t<div class=\"wpforms-container \" id=\"wpforms-3935\"><form id=\"wpforms-form-3935\" class=\"wpforms-validate wpforms-form wpforms-ajax-form\" data-formid=\"3935\" method=\"post\" enctype=\"multipart\/form-data\" action=\"\/index.php?rest_route=%2Fwp%2Fv2%2Fpages%2F3638\" data-token=\"eb5e8a85f8a117117c7497b8de2ae074\" data-token-time=\"1777015406\"><noscript class=\"wpforms-error-noscript\">Bitte aktiviere JavaScript in deinem Browser, um dieses Formular fertigzustellen.<\/noscript><div class=\"wpforms-field-container\"><div id=\"wpforms-3935-field_1-container\" class=\"wpforms-field wpforms-field-name\" data-field-id=\"1\"><label class=\"wpforms-field-label\" for=\"wpforms-3935-field_1\">Name <span class=\"wpforms-required-label\">*<\/span><\/label><input type=\"text\" id=\"wpforms-3935-field_1\" class=\"wpforms-field-small wpforms-field-required\" name=\"wpforms[fields][1]\" required><\/div><div id=\"wpforms-3935-field_4-container\" class=\"wpforms-field wpforms-field-text\" data-field-id=\"4\"><label class=\"wpforms-field-label\" for=\"wpforms-3935-field_4\">str.Domain Name, wenn vorhanden<\/label><input type=\"text\" id=\"wpforms-3935-field_4\" class=\"wpforms-field-medium\" name=\"wpforms[fields][4]\" ><\/div>\t\t<div id=\"wpforms-3935-field_5-container\"\n\t\t\tclass=\"wpforms-field wpforms-field-text\"\n\t\t\tdata-field-type=\"text\"\n\t\t\tdata-field-id=\"5\"\n\t\t\t>\n\t\t\t<label class=\"wpforms-field-label\" for=\"wpforms-3935-field_5\" >E-Mail-Adresse Nachricht Name<\/label>\n\t\t\t<input type=\"text\" id=\"wpforms-3935-field_5\" class=\"wpforms-field-medium\" name=\"wpforms[fields][5]\" >\n\t\t<\/div>\n\t\t<div id=\"wpforms-3935-field_2-container\" class=\"wpforms-field wpforms-field-email\" data-field-id=\"2\"><label class=\"wpforms-field-label\" for=\"wpforms-3935-field_2\">E-Mail-Adresse <span class=\"wpforms-required-label\">*<\/span><\/label><input type=\"email\" id=\"wpforms-3935-field_2\" class=\"wpforms-field-medium wpforms-field-required\" name=\"wpforms[fields][2]\" spellcheck=\"false\" required><\/div><div id=\"wpforms-3935-field_3-container\" class=\"wpforms-field wpforms-field-textarea\" data-field-id=\"3\"><label class=\"wpforms-field-label\" for=\"wpforms-3935-field_3\">Kommentar oder Nachricht<\/label><textarea id=\"wpforms-3935-field_3\" class=\"wpforms-field-medium\" name=\"wpforms[fields][3]\" ><\/textarea><\/div><script>\n\t\t\t\t( function() {\n\t\t\t\t\tconst style = document.createElement( 'style' );\n\t\t\t\t\tstyle.appendChild( document.createTextNode( '#wpforms-3935-field_5-container { position: absolute !important; overflow: hidden !important; display: inline !important; height: 1px !important; width: 1px !important; z-index: -1000 !important; padding: 0 !important; } #wpforms-3935-field_5-container input { visibility: hidden; } #wpforms-conversational-form-page #wpforms-3935-field_5-container label { counter-increment: none; }' ) );\n\t\t\t\t\tdocument.head.appendChild( style );\n\t\t\t\t\tdocument.currentScript?.remove();\n\t\t\t\t} )();\n\t\t\t<\/script><\/div><!-- .wpforms-field-container --><div class=\"wpforms-submit-container\" ><input type=\"hidden\" name=\"wpforms[id]\" value=\"3935\"><input type=\"hidden\" name=\"page_title\" value=\"\"><input type=\"hidden\" name=\"page_url\" value=\"https:\/\/seo-up.me\/index.php?rest_route=\/wp\/v2\/pages\/3638\"><input type=\"hidden\" name=\"url_referer\" value=\"\"><button type=\"submit\" name=\"wpforms[submit]\" id=\"wpforms-submit-3935\" class=\"wpforms-submit\" data-alt-text=\"Wird gesendet\u00a0\u2026\" data-submit-text=\"Absenden\" aria-live=\"assertive\" value=\"wpforms-submit\">Absenden<\/button><img decoding=\"async\" src=\"https:\/\/seo-up.me\/wp-content\/plugins\/wpforms-lite\/assets\/images\/submit-spin.svg\" class=\"wpforms-submit-spinner\" style=\"display: none;\" width=\"26\" height=\"26\" alt=\"Wird geladen\"><\/div><\/form><\/div>  <!-- .wpforms-container -->\t\t\t\t<\/div>\n\t\t\t\t<\/div>\n\t\t\t\t\t<\/div>\n\t\t\t\t<\/div>\n\t\t<div class=\"elementor-element elementor-element-c57aa87 e-flex e-con-boxed e-con e-parent\" data-id=\"c57aa87\" data-element_type=\"container\" data-e-type=\"container\">\n\t\t\t\t\t<div class=\"e-con-inner\">\n\t\t\t\t<div class=\"elementor-element elementor-element-cec2fea elementor-widget elementor-widget-text-editor\" data-id=\"cec2fea\" data-element_type=\"widget\" data-e-type=\"widget\" data-widget_type=\"text-editor.default\">\n\t\t\t\t\t\t\t\t\t<p>Impressum: Karl Gerd Poeschl, Ursendorfer Str. 51 in 88367 Hohentengen, info(@)seo-up.me O163689OO18<\/p>\t\t\t\t\t\t\t\t<\/div>\n\t\t\t\t<div class=\"elementor-element elementor-element-43f222b elementor-widget elementor-widget-image\" data-id=\"43f222b\" data-element_type=\"widget\" data-e-type=\"widget\" data-widget_type=\"image.default\">\n\t\t\t\t\t\t\t\t\t\t\t\t\t\t\t<img decoding=\"async\" width=\"300\" height=\"178\" src=\"https:\/\/seo-up.me\/wp-content\/uploads\/2026\/04\/Bild-Sat-Mobile-de2-300x178.jpg\" class=\"attachment-medium size-medium wp-image-4000\" alt=\"\" srcset=\"https:\/\/seo-up.me\/wp-content\/uploads\/2026\/04\/Bild-Sat-Mobile-de2-300x178.jpg 300w, https:\/\/seo-up.me\/wp-content\/uploads\/2026\/04\/Bild-Sat-Mobile-de2-1024x609.jpg 1024w, https:\/\/seo-up.me\/wp-content\/uploads\/2026\/04\/Bild-Sat-Mobile-de2-768x457.jpg 768w, https:\/\/seo-up.me\/wp-content\/uploads\/2026\/04\/Bild-Sat-Mobile-de2.bmp 1418w\" sizes=\"(max-width: 300px) 100vw, 300px\" \/>\t\t\t\t\t\t\t\t\t\t\t\t\t\t\t<\/div>\n\t\t\t\t\t<\/div>\n\t\t\t\t<\/div>\n\t\t<div class=\"elementor-element elementor-element-9873ca6 e-flex e-con-boxed e-con e-parent\" data-id=\"9873ca6\" data-element_type=\"container\" data-e-type=\"container\">\n\t\t\t\t\t<div class=\"e-con-inner\">\n\t\t\t\t<div class=\"elementor-element elementor-element-9da6e9a elementor-widget elementor-widget-image\" data-id=\"9da6e9a\" data-element_type=\"widget\" data-e-type=\"widget\" data-widget_type=\"image.default\">\n\t\t\t\t\t\t\t\t\t\t\t\t\t\t\t\t<a href=\"https:\/\/seo-up.me\/\">\n\t\t\t\t\t\t\t<img decoding=\"async\" src=\"https:\/\/seo-up.me\/wp-content\/uploads\/2026\/04\/1324.png\" title=\"1324\" alt=\"1324\" loading=\"lazy\" \/>\t\t\t\t\t\t\t\t<\/a>\n\t\t\t\t\t\t\t\t\t\t\t\t\t\t\t<\/div>\n\t\t\t\t\t<\/div>\n\t\t\t\t<\/div>\n\t\t\t\t<\/div>\n\t\t","protected":false},"excerpt":{"rendered":"<p>Satelliten Internet, unbegrenzt f\u00fcr 18\u20ac\/Monat DIE REVOLUTION DER KOMMUNIKATION Unschlagbarer Preis: F\u00fcr gerade einmal 18,00 \u20ac pro Monat beim Jahrespaket (218\u20ac) oder 21\u20ac monatlich, sicherst du dir den Zugang zu einer Technologie, die herk\u00f6mmliche Anbieter alt aussehen l\u00e4sst. Die Macht der Satelliten: Das White Web kommt von oben. Wir machen uns unabh\u00e4ngig von Erdkabeln und [&hellip;]<\/p>\n","protected":false},"author":1,"featured_media":0,"parent":0,"menu_order":0,"comment_status":"closed","ping_status":"closed","template":"","meta":{"site-sidebar-layout":"no-sidebar","site-content-layout":"page-builder","ast-site-content-layout":"full-width-container","site-content-style":"unboxed","site-sidebar-style":"unboxed","ast-global-header-display":"","ast-banner-title-visibility":"","ast-main-header-display":"","ast-hfb-above-header-display":"","ast-hfb-below-header-display":"","ast-hfb-mobile-header-display":"","site-post-title":"disabled","ast-breadcrumbs-content":"disabled","ast-featured-img":"disabled","footer-sml-layout":"","ast-disable-related-posts":"","theme-transparent-header-meta":"enabled","adv-header-id-meta":"","stick-header-meta":"","header-above-stick-meta":"","header-main-stick-meta":"","header-below-stick-meta":"","astra-migrate-meta-layouts":"set","ast-page-background-enabled":"default","ast-page-background-meta":{"desktop":{"background-color":"","background-image":"","background-repeat":"repeat","background-position":"center center","background-size":"auto","background-attachment":"scroll","background-type":"","background-media":"","overlay-type":"","overlay-color":"","overlay-opacity":"","overlay-gradient":""},"tablet":{"background-color":"","background-image":"","background-repeat":"repeat","background-position":"center center","background-size":"auto","background-attachment":"scroll","background-type":"","background-media":"","overlay-type":"","overlay-color":"","overlay-opacity":"","overlay-gradient":""},"mobile":{"background-color":"","background-image":"","background-repeat":"repeat","background-position":"center center","background-size":"auto","background-attachment":"scroll","background-type":"","background-media":"","overlay-type":"","overlay-color":"","overlay-opacity":"","overlay-gradient":""}},"ast-content-background-meta":{"desktop":{"background-color":"var(--ast-global-color-5)","background-image":"","background-repeat":"repeat","background-position":"center center","background-size":"auto","background-attachment":"scroll","background-type":"","background-media":"","overlay-type":"","overlay-color":"","overlay-opacity":"","overlay-gradient":""},"tablet":{"background-color":"var(--ast-global-color-5)","background-image":"","background-repeat":"repeat","background-position":"center center","background-size":"auto","background-attachment":"scroll","background-type":"","background-media":"","overlay-type":"","overlay-color":"","overlay-opacity":"","overlay-gradient":""},"mobile":{"background-color":"var(--ast-global-color-5)","background-image":"","background-repeat":"repeat","background-position":"center center","background-size":"auto","background-attachment":"scroll","background-type":"","background-media":"","overlay-type":"","overlay-color":"","overlay-opacity":"","overlay-gradient":""}},"footnotes":""},"class_list":["post-3638","page","type-page","status-publish","hentry"],"_hostinger_reach_plugin_has_subscription_block":false,"_hostinger_reach_plugin_is_elementor":false,"_links":{"self":[{"href":"https:\/\/seo-up.me\/index.php?rest_route=\/wp\/v2\/pages\/3638","targetHints":{"allow":["GET"]}}],"collection":[{"href":"https:\/\/seo-up.me\/index.php?rest_route=\/wp\/v2\/pages"}],"about":[{"href":"https:\/\/seo-up.me\/index.php?rest_route=\/wp\/v2\/types\/page"}],"author":[{"embeddable":true,"href":"https:\/\/seo-up.me\/index.php?rest_route=\/wp\/v2\/users\/1"}],"replies":[{"embeddable":true,"href":"https:\/\/seo-up.me\/index.php?rest_route=%2Fwp%2Fv2%2Fcomments&post=3638"}],"version-history":[{"count":223,"href":"https:\/\/seo-up.me\/index.php?rest_route=\/wp\/v2\/pages\/3638\/revisions"}],"predecessor-version":[{"id":4055,"href":"https:\/\/seo-up.me\/index.php?rest_route=\/wp\/v2\/pages\/3638\/revisions\/4055"}],"wp:attachment":[{"href":"https:\/\/seo-up.me\/index.php?rest_route=%2Fwp%2Fv2%2Fmedia&parent=3638"}],"curies":[{"name":"wp","href":"https:\/\/api.w.org\/{rel}","templated":true}]}}